{"id":619,"date":"2021-10-25T15:51:10","date_gmt":"2021-10-25T15:51:10","guid":{"rendered":"https:\/\/wordpress-566072-2146620.cloudwaysapps.com\/?page_id=619"},"modified":"2023-03-25T22:12:24","modified_gmt":"2023-03-25T22:12:24","slug":"contact","status":"publish","type":"page","link":"https:\/\/alysonkof.com.br\/index.php\/contact\/","title":{"rendered":"Contact"},"content":{"rendered":"\n<div class=\"wp-block-stackable-spacer stk-block-spacer stk--no-padding stk-block stk-a8f7cff\" data-block-id=\"a8f7cff\"><style>.stk-a8f7cff{border-radius:0px !important;overflow:hidden !important;top:0px !important;height:110px !important}@media screen and (max-width:1023px){.stk-a8f7cff{height:70px !important}}<\/style><\/div>\n\n\n\n<div class=\"wp-block-stackable-columns stk-block-columns stk-block stk-3c30b14\" data-block-id=\"3c30b14\"><style>.stk-3c30b14{margin-bottom:0px !important}.stk-3c30b14-column{--stk-column-gap:70px !important}@media screen and (max-width:1023px){.stk-3c30b14-column{--stk-column-gap:20px !important}}<\/style><div class=\"stk-row stk-inner-blocks stk-block-content stk-content-align stk-3c30b14-column\">\n<div class=\"wp-block-stackable-column stk-block-column stk-block-column--v3 stk-column stk-block-column--v2 stk-block stk-17a6d7b\" data-block-id=\"17a6d7b\"><style>.stk-17a6d7b{align-self:center !important}.stk-17a6d7b-container{margin-top:0px !important;margin-right:0px !important;margin-bottom:0px !important;margin-left:0px !important}@media screen and (min-width:768px){.stk-17a6d7b{flex:1 1 45% !important}}@media screen and (min-width:768px) and (max-width:1023px){.stk-17a6d7b{flex:0 1 100% !important}}@media screen and (max-width:1023px){.stk-17a6d7b{margin-bottom:50px !important}}<\/style><div class=\"stk-column-wrapper stk-block-column__content stk-container stk-17a6d7b-container stk--no-background stk--no-padding\"><div class=\"has-text-align-center-mobile stk-block-content stk-inner-blocks stk-17a6d7b-inner-blocks\">\n<div class=\"wp-block-stackable-image stk-block-image stk-block stk-3720903\" data-block-id=\"3720903\"><style>.stk-3720903{margin-bottom:4px !important}.stk-3720903 .stk-img-wrapper{width:30% !important}<\/style><figure class=\"stk-img-wrapper stk-image--shape-stretch\"><img decoding=\"async\" loading=\"lazy\" class=\"stk-img wp-image-1155\" src=\"http:\/\/alysonkof.com.br\/wp-content\/uploads\/2023\/03\/site-cover.png\" width=\"191\" height=\"172\" alt=\"alysonkof cover\"\/><\/figure><\/div>\n\n\n<div class=\"wpforms-container \" id=\"wpforms-269\"><form id=\"wpforms-form-269\" class=\"wpforms-validate wpforms-form\" data-formid=\"269\" method=\"post\" enctype=\"multipart\/form-data\" action=\"\/index.php\/wp-json\/wp\/v2\/pages\/619\" data-token=\"27d881d62bd4a6e0255a7e10f9f647a7\"><noscript class=\"wpforms-error-noscript\">Ative o JavaScript no seu navegador para preencher este formul\u00e1rio.<\/noscript><div class=\"wpforms-field-container\"><div id=\"wpforms-269-field_0-container\" class=\"wpforms-field wpforms-field-name\" data-field-id=\"0\"><label class=\"wpforms-field-label wpforms-label-hide\" for=\"wpforms-269-field_0\">Nome <span class=\"wpforms-required-label\">*<\/span><\/label><input type=\"text\" id=\"wpforms-269-field_0\" class=\"wpforms-field-large wpforms-field-required\" name=\"wpforms[fields][0]\" placeholder=\"Nome *\" required><\/div><div id=\"wpforms-269-field_1-container\" class=\"wpforms-field wpforms-field-email\" data-field-id=\"1\"><label class=\"wpforms-field-label wpforms-label-hide\" for=\"wpforms-269-field_1\">Email <span class=\"wpforms-required-label\">*<\/span><\/label><input type=\"email\" id=\"wpforms-269-field_1\" class=\"wpforms-field-large wpforms-field-required\" name=\"wpforms[fields][1]\" placeholder=\"Endere\u00e7o Email*\" required><\/div><div id=\"wpforms-269-field_3-container\" class=\"wpforms-field wpforms-field-text\" data-field-id=\"3\"><label class=\"wpforms-field-label wpforms-label-hide\" for=\"wpforms-269-field_3\">Assunto<\/label><input type=\"text\" id=\"wpforms-269-field_3\" class=\"wpforms-field-large\" name=\"wpforms[fields][3]\" placeholder=\"Assunto\" ><\/div><div id=\"wpforms-269-field_2-container\" class=\"wpforms-field wpforms-field-textarea\" data-field-id=\"2\"><label class=\"wpforms-field-label wpforms-label-hide\" for=\"wpforms-269-field_2\">Coment\u00e1rio ou Mensagem <span class=\"wpforms-required-label\">*<\/span><\/label><textarea id=\"wpforms-269-field_2\" class=\"wpforms-field-large wpforms-field-required\" name=\"wpforms[fields][2]\" placeholder=\"Em que posso ajudar? *\" required><\/textarea><\/div><\/div><div class=\"wpforms-submit-container\"><input type=\"hidden\" name=\"wpforms[id]\" value=\"269\"><input type=\"hidden\" name=\"wpforms[author]\" value=\"1\"><button type=\"submit\" name=\"wpforms[submit]\" id=\"wpforms-submit-269\" class=\"wpforms-submit\" data-alt-text=\"Sending...\" data-submit-text=\"Enviar Mensagem\" aria-live=\"assertive\" value=\"wpforms-submit\">Enviar Mensagem<\/button><\/div><\/form><\/div>  <!-- .wpforms-container --><\/div><\/div><\/div>\n\n\n\n<div class=\"wp-block-stackable-column stk-block-column stk-block-column--v3 stk-column stk-block-column--v2 stk-block stk-af3f7f8\" data-block-id=\"af3f7f8\"><style>.stk-af3f7f8-container{background-color:var(--paletteColor4,#030306) !important;background-image:url(http:\/\/alysonkof.com.br\/wp-content\/uploads\/2023\/03\/stage-2-project.png) !important;box-shadow:none !important;padding-top:10% !important;padding-right:10% !important;padding-bottom:10% !important;padding-left:10% !important;margin-top:0px !important;margin-right:0px !important;margin-bottom:0px !important;margin-left:0px !important}.stk-af3f7f8-container:before{background-color:var(--paletteColor4,#030306) !important;opacity:0.7 !important}@media screen and (min-width:768px){.stk-af3f7f8{flex:1 1 55% !important}}@media screen and (min-width:768px) and (max-width:1023px){.stk-af3f7f8{flex:0 1 100% !important}}@media screen and (max-width:1023px){.stk-af3f7f8-container{padding-top:7% !important;padding-right:7% !important;padding-bottom:7% !important;padding-left:7% !important}}@media screen and (max-width:767px){.stk-af3f7f8-container{padding-top:15% !important;padding-right:15% !important;padding-bottom:15% !important;padding-left:15% !important}}<\/style><div class=\"stk-column-wrapper stk-block-column__content stk-container stk-af3f7f8-container stk-hover-parent stk--has-background-overlay\"><div class=\"stk-block-content stk-inner-blocks stk-af3f7f8-inner-blocks\">\n<div class=\"wp-block-stackable-heading stk-block-heading stk-block-heading--v2 stk-block stk-a0e394b\" id=\"contato\" data-block-id=\"a0e394b\"><style>.stk-a0e394b{padding-top:0px !important;padding-right:0px !important;padding-bottom:0px !important;padding-left:0px !important;margin-top:0px !important;margin-bottom:0px !important}.stk-a0e394b .stk-block-heading__text{color:var(--paletteColor1,#f8a01b) !important}@media screen and (max-width:1023px){.stk-a0e394b .stk-block-heading__text{font-size:30px !important}}<\/style><h2 class=\"stk-block-heading__text has-text-color has-text-align-center\">Contato<\/h2><\/div>\n\n\n\n<div class=\"wp-block-stackable-text stk-block-text stk-block stk-ae6fe24\" data-block-id=\"ae6fe24\"><style>.stk-ae6fe24{margin-bottom:0px !important}.stk-ae6fe24 .stk-block-text__text{color:var(--paletteColor8,#ffffff) !important}<\/style><p class=\"stk-block-text__text has-text-color has-palette-color-8-color has-text-align-center\">Voc\u00ea est\u00e1 procurando por um artista de pixel art que pode criar gr\u00e1ficos impressionantes para o seu pr\u00f3ximo projeto?  Parab\u00e9ns, voc\u00ea acaba de encontrar o especialista certo! Com a experi\u00eancia em games estilo retro e pixel art e um amor pelo design de jogos, posso ajudar a tornar seu jogo incr\u00edvel. Quer voc\u00ea precise de sprites, cen\u00e1rios, tiles, ilustra\u00e7\u00f5es ou anima\u00e7\u00f5es em pixel art, estou aqui para entregar resultados excepcionais. Ent\u00e3o, o que est\u00e1 esperando? Deixe-me ajud\u00e1-lo a criar algo verdadeiramente \u00fanico e memor\u00e1vel. Entre em contato agora mesmo e vamos dar vida ao seu projeto!<\/p><\/div>\n\n\n\n<div class=\"wp-block-stackable-spacer stk-block-spacer stk--no-padding stk-block stk-3fd85c9\" data-block-id=\"3fd85c9\"><style>.stk-3fd85c9{height:80px !important}<\/style><\/div>\n\n\n\n<div class=\"wp-block-stackable-text stk-block-text stk-block stk-237999c\" data-block-id=\"237999c\"><style>.stk-237999c .stk-block-text__text{color:var(--paletteColor1,#f8a01b) !important}<\/style><p class=\"stk-block-text__text has-text-color has-text-align-center\"><strong>Me encontre tamb\u00e9m em outras redes:<\/strong><\/p><\/div>\n\n\n\n<div class=\"wp-block-stackable-button-group stk-block-button-group stk-block stk-abc241c\" data-block-id=\"abc241c\"><div class=\"stk-row stk-inner-blocks has-text-align-center stk-block-content stk-button-group\">\n<div class=\"wp-block-stackable-icon-button stk-block-icon-button stk-block stk-6370295\" data-block-id=\"6370295\"><style>.stk-6370295 .stk-button{background:#3b5998 !important}<\/style><a class=\"stk-link stk-button stk--hover-effect-darken\" href=\"https:\/\/www.facebook.com\/alyson.monteiro.79\" target=\"_blank\" rel=\"noreferrer noopener\"><span class=\"stk--svg-wrapper\"><div class=\"stk--inner-svg\"><svg data-prefix=\"fab\" data-icon=\"facebook-square\" class=\"svg-inline--fa fa-facebook-square fa-w-14\" xmlns=\"http:\/\/www.w3.org\/2000\/svg\" viewBox=\"0 0 448 512\" aria-hidden=\"true\" width=\"32\" height=\"32\"><path fill=\"currentColor\" d=\"M400 32H48A48 48 0 0 0 0 80v352a48 48 0 0 0 48 48h137.25V327.69h-63V256h63v-54.64c0-62.15 37-96.48 93.67-96.48 27.14 0 55.52 4.84 55.52 4.84v61h-31.27c-30.81 0-40.42 19.12-40.42 38.73V256h68.78l-11 71.69h-57.78V480H400a48 48 0 0 0 48-48V80a48 48 0 0 0-48-48z\"><\/path><\/svg><\/div><\/span><\/a><\/div>\n\n\n\n<div class=\"wp-block-stackable-icon-button stk-block-icon-button stk-block stk-4b2c621\" data-block-id=\"4b2c621\"><style>.stk-4b2c621 .stk-button{background:#00acee !important}<\/style><a class=\"stk-link stk-button stk--hover-effect-darken\" href=\"https:\/\/twitter.com\/Alysonkof13\" target=\"_blank\" rel=\"noreferrer noopener\"><span class=\"stk--svg-wrapper\"><div class=\"stk--inner-svg\"><svg data-prefix=\"fab\" data-icon=\"twitter\" class=\"svg-inline--fa fa-twitter fa-w-16\" xmlns=\"http:\/\/www.w3.org\/2000\/svg\" viewBox=\"0 0 512 512\" aria-hidden=\"true\" width=\"32\" height=\"32\"><path fill=\"currentColor\" d=\"M459.37 151.716c.325 4.548.325 9.097.325 13.645 0 138.72-105.583 298.558-298.558 298.558-59.452 0-114.68-17.219-161.137-47.106 8.447.974 16.568 1.299 25.34 1.299 49.055 0 94.213-16.568 130.274-44.832-46.132-.975-84.792-31.188-98.112-72.772 6.498.974 12.995 1.624 19.818 1.624 9.421 0 18.843-1.3 27.614-3.573-48.081-9.747-84.143-51.98-84.143-102.985v-1.299c13.969 7.797 30.214 12.67 47.431 13.319-28.264-18.843-46.781-51.005-46.781-87.391 0-19.492 5.197-37.36 14.294-52.954 51.655 63.675 129.3 105.258 216.365 109.807-1.624-7.797-2.599-15.918-2.599-24.04 0-57.828 46.782-104.934 104.934-104.934 30.213 0 57.502 12.67 76.67 33.137 23.715-4.548 46.456-13.32 66.599-25.34-7.798 24.366-24.366 44.833-46.132 57.827 21.117-2.273 41.584-8.122 60.426-16.243-14.292 20.791-32.161 39.308-52.628 54.253z\"><\/path><\/svg><\/div><\/span><\/a><\/div>\n\n\n\n<div class=\"wp-block-stackable-icon-button stk-block-icon-button stk-block stk-9e7ea57\" data-block-id=\"9e7ea57\"><style>.stk-9e7ea57 .stk-button{background:#c13584 !important}<\/style><a class=\"stk-link stk-button stk--hover-effect-darken\" href=\"https:\/\/www.instagram.com\/alyson.kof\/\" target=\"_blank\" rel=\"noreferrer noopener\"><span class=\"stk--svg-wrapper\"><div class=\"stk--inner-svg\"><svg data-prefix=\"fab\" data-icon=\"instagram\" class=\"svg-inline--fa fa-instagram fa-w-14\" xmlns=\"http:\/\/www.w3.org\/2000\/svg\" viewBox=\"0 0 448 512\" aria-hidden=\"true\" width=\"32\" height=\"32\"><path fill=\"currentColor\" d=\"M224.1 141c-63.6 0-114.9 51.3-114.9 114.9s51.3 114.9 114.9 114.9S339 319.5 339 255.9 287.7 141 224.1 141zm0 189.6c-41.1 0-74.7-33.5-74.7-74.7s33.5-74.7 74.7-74.7 74.7 33.5 74.7 74.7-33.6 74.7-74.7 74.7zm146.4-194.3c0 14.9-12 26.8-26.8 26.8-14.9 0-26.8-12-26.8-26.8s12-26.8 26.8-26.8 26.8 12 26.8 26.8zm76.1 27.2c-1.7-35.9-9.9-67.7-36.2-93.9-26.2-26.2-58-34.4-93.9-36.2-37-2.1-147.9-2.1-184.9 0-35.8 1.7-67.6 9.9-93.9 36.1s-34.4 58-36.2 93.9c-2.1 37-2.1 147.9 0 184.9 1.7 35.9 9.9 67.7 36.2 93.9s58 34.4 93.9 36.2c37 2.1 147.9 2.1 184.9 0 35.9-1.7 67.7-9.9 93.9-36.2 26.2-26.2 34.4-58 36.2-93.9 2.1-37 2.1-147.8 0-184.8zM398.8 388c-7.8 19.6-22.9 34.7-42.6 42.6-29.5 11.7-99.5 9-132.1 9s-102.7 2.6-132.1-9c-19.6-7.8-34.7-22.9-42.6-42.6-11.7-29.5-9-99.5-9-132.1s-2.6-102.7 9-132.1c7.8-19.6 22.9-34.7 42.6-42.6 29.5-11.7 99.5-9 132.1-9s102.7-2.6 132.1 9c19.6 7.8 34.7 22.9 42.6 42.6 11.7 29.5 9 99.5 9 132.1s2.7 102.7-9 132.1z\"><\/path><\/svg><\/div><\/span><\/a><\/div>\n\n\n\n<div class=\"wp-block-stackable-icon-button stk-block-icon-button stk-block stk-7e47448\" data-block-id=\"7e47448\"><style>.stk-7e47448 .stk-button{background:#c4302b !important}<\/style><a class=\"stk-link stk-button stk--hover-effect-darken\" href=\"https:\/\/www.youtube.com\/@combogamestudio5509\" target=\"_blank\" rel=\"noreferrer noopener\"><span class=\"stk--svg-wrapper\"><div class=\"stk--inner-svg\"><svg data-prefix=\"fab\" data-icon=\"youtube\" class=\"svg-inline--fa fa-youtube fa-w-18\" xmlns=\"http:\/\/www.w3.org\/2000\/svg\" viewBox=\"0 0 576 512\" aria-hidden=\"true\" width=\"32\" height=\"32\"><path fill=\"currentColor\" d=\"M549.655 124.083c-6.281-23.65-24.787-42.276-48.284-48.597C458.781 64 288 64 288 64S117.22 64 74.629 75.486c-23.497 6.322-42.003 24.947-48.284 48.597-11.412 42.867-11.412 132.305-11.412 132.305s0 89.438 11.412 132.305c6.281 23.65 24.787 41.5 48.284 47.821C117.22 448 288 448 288 448s170.78 0 213.371-11.486c23.497-6.321 42.003-24.171 48.284-47.821 11.412-42.867 11.412-132.305 11.412-132.305s0-89.438-11.412-132.305zm-317.51 213.508V175.185l142.739 81.205-142.739 81.201z\"><\/path><\/svg><\/div><\/span><\/a><\/div>\n\n\n\n<div class=\"wp-block-stackable-icon-button stk-block-icon-button stk-block stk-519da43\" data-block-id=\"519da43\"><style>.stk-519da43 .stk-button{background:#0e76a8 !important}<\/style><a class=\"stk-link stk-button stk--hover-effect-darken\" href=\"https:\/\/www.linkedin.com\/in\/alyson-da-silva-monteiro-20403918a\/\" target=\"_blank\" rel=\"noreferrer noopener\"><span class=\"stk--svg-wrapper\"><div class=\"stk--inner-svg\"><svg data-prefix=\"fab\" data-icon=\"linkedin-in\" class=\"svg-inline--fa fa-linkedin-in fa-w-14\" xmlns=\"http:\/\/www.w3.org\/2000\/svg\" viewBox=\"0 0 448 512\" aria-hidden=\"true\" width=\"32\" height=\"32\"><path fill=\"currentColor\" d=\"M100.28 448H7.4V148.9h92.88zM53.79 108.1C24.09 108.1 0 83.5 0 53.8a53.79 53.79 0 0 1 107.58 0c0 29.7-24.1 54.3-53.79 54.3zM447.9 448h-92.68V302.4c0-34.7-.7-79.2-48.29-79.2-48.29 0-55.69 37.7-55.69 76.7V448h-92.78V148.9h89.08v40.8h1.3c12.4-23.5 42.69-48.3 87.88-48.3 94 0 111.28 61.9 111.28 142.3V448z\"><\/path><\/svg><\/div><\/span><\/a><\/div>\n\n\n\n<div class=\"wp-block-stackable-icon-button stk-block-icon-button stk-block stk-ccc7394\" data-block-id=\"ccc7394\"><style>.stk-ccc7394 .stk-button{background:#ff2449 !important}<\/style><a class=\"stk-link stk-button stk--hover-effect-darken\" href=\"https:\/\/alysonkof.itch.io\" target=\"_blank\" rel=\"noreferrer noopener\"><span class=\"stk--svg-wrapper\"><div class=\"stk--inner-svg\"><svg aria-hidden=\"true\" focusable=\"false\" data-prefix=\"fab\" data-icon=\"itch-io\" class=\"svg-inline--fa fa-itch-io fa-w-16\" xmlns=\"http:\/\/www.w3.org\/2000\/svg\" viewBox=\"0 0 512 512\" width=\"32\" height=\"32\"><path fill=\"currentColor\" d=\"M71.92 34.77C50.2 47.67 7.4 96.84 7 109.73v21.34c0 27.06 25.29 50.84 48.25 50.84 27.57 0 50.54-22.85 50.54-50 0 27.12 22.18 50 49.76 50s49-22.85 49-50c0 27.12 23.59 50 51.16 50h.5c27.57 0 51.16-22.85 51.16-50 0 27.12 21.47 50 49 50s49.76-22.85 49.76-50c0 27.12 23 50 50.54 50 23 0 48.25-23.78 48.25-50.84v-21.34c-.4-12.9-43.2-62.07-64.92-75C372.56 32.4 325.76 32 256 32S91.14 33.1 71.92 34.77zm132.32 134.39c-22 38.4-77.9 38.71-99.85.25-13.17 23.14-43.17 32.07-56 27.66-3.87 40.15-13.67 237.13 17.73 269.15 80 18.67 302.08 18.12 379.76 0 31.65-32.27 21.32-232 17.75-269.15-12.92 4.44-42.88-4.6-56-27.66-22 38.52-77.85 38.1-99.85-.24-7.1 12.49-23.05 28.94-51.76 28.94a57.54 57.54 0 0 1-51.75-28.94zm-41.58 53.77c16.47 0 31.09 0 49.22 19.78a436.91 436.91 0 0 1 88.18 0C318.22 223 332.85 223 349.31 223c52.33 0 65.22 77.53 83.87 144.45 17.26 62.15-5.52 63.67-33.95 63.73-42.15-1.57-65.49-32.18-65.49-62.79-39.25 6.43-101.93 8.79-155.55 0 0 30.61-23.34 61.22-65.49 62.79-28.42-.06-51.2-1.58-33.94-63.73 18.67-67 31.56-144.45 83.88-144.45zM256 270.79s-44.38 40.77-52.35 55.21l29-1.17v25.32c0 1.55 21.34.16 23.33.16 11.65.54 23.31 1 23.31-.16v-25.28l29 1.17c-8-14.48-52.35-55.24-52.35-55.24z\"><\/path><\/svg><\/div><\/span><\/a><\/div>\n<\/div><\/div>\n<\/div><\/div><\/div>\n\n\n\n<div class=\"wp-block-stackable-column stk-block-column stk-block-column--v3 stk-column stk-block-column--v2 stk-block stk-064be63\" data-block-id=\"064be63\"><div class=\"stk-column-wrapper stk-block-column__content stk-container stk-064be63-container stk--no-background stk--no-padding\"><div class=\"stk-block-content stk-inner-blocks stk-064be63-inner-blocks\"><\/div><\/div><\/div>\n<\/div><\/div>\n","protected":false},"excerpt":{"rendered":"<p>Contato Voc\u00ea est\u00e1 procurando por um artista de pixel art que pode criar gr\u00e1ficos impressionantes para o seu pr\u00f3ximo projeto? Parab\u00e9ns, voc\u00ea acaba de encontrar o especialista certo! Com a experi\u00eancia em games estilo retro e pixel art e um amor pelo design de jogos, posso ajudar a tornar seu jogo incr\u00edvel. Quer voc\u00ea precise de sprites, cen\u00e1rios, tiles, ilustra\u00e7\u00f5es ou anima\u00e7\u00f5es em pixel art, estou aqui para entregar resultados excepcionais. Ent\u00e3o, o que est\u00e1 esperando? Deixe-me ajud\u00e1-lo a criar algo verdadeiramente \u00fanico e memor\u00e1vel. Entre em contato agora mesmo e vamos dar vida ao seu projeto! Me encontre tamb\u00e9m\u2026<\/p>\n","protected":false},"author":1,"featured_media":0,"parent":0,"menu_order":0,"comment_status":"closed","ping_status":"closed","template":"","meta":{"om_disable_all_campaigns":false,"_monsterinsights_skip_tracking":false,"_monsterinsights_sitenote_active":false,"_monsterinsights_sitenote_note":"","_monsterinsights_sitenote_category":0},"blocksy_meta":{"page_title_panel":"","has_hero_section":"disabled","8a95b2fa5abaddfe4bf67eb80837f476":"","hero_section":"type-1","hero_elements":[{"id":"custom_title","enabled":true,"heading_tag":"h1","title":"Home"},{"id":"custom_description","enabled":true,"description_visibility":{"desktop":true,"tablet":true,"mobile":false}},{"id":"custom_meta","enabled":false,"meta_elements":[{"id":"author","enabled":true,"label":"By","has_author_avatar":"yes","avatar_size":25},{"id":"post_date","enabled":true,"label":"On","date_format_source":"default","date_format":"M j, Y"},{"id":"updated_date","enabled":false,"label":"On","date_format_source":"default","date_format":"M j, Y"},{"id":"categories","enabled":false,"label":"In","style":"simple"},{"id":"comments","enabled":true}],"page_meta_elements":{"joined":true,"articles_count":true,"comments":true}},{"id":"breadcrumbs","enabled":false}],"b7dc59f313e0371a9ec59500f3114542":"","hero_alignment1":"CT_CSS_SKIP_RULE","hero_margin":40,"hero_alignment2":"center","hero_vertical_alignment":"center","945035912dedf1afc37752f48abc8a0d":"","hero_structure":"narrow","43cd6c0d90337fa0037c75d293fc8d10":"","page_title_bg_type":"featured_image","custom_hero_background":{"attachment_id":null},"parallax":{"desktop":false,"tablet":false,"mobile":false},"00c1a4dbd48ef81f4166a8911a96abf0":"","hero_height":"250px","pageTitleFont":{"family":"Default","variation":"Default","size":"30px","line-height":"CT_CSS_SKIP_RULE","letter-spacing":"CT_CSS_SKIP_RULE","text-transform":"CT_CSS_SKIP_RULE","text-decoration":"CT_CSS_SKIP_RULE"},"pageTitleFontColor":{"default":{"color":"CT_CSS_SKIP_RULEDEFAULT"}},"pageMetaFont":{"family":"Default","variation":"n6","size":"12px","line-height":"1.3","letter-spacing":"CT_CSS_SKIP_RULE","text-transform":"uppercase","text-decoration":"CT_CSS_SKIP_RULE"},"pageMetaFontColor":{"default":{"color":"CT_CSS_SKIP_RULEDEFAULT"},"hover":{"color":"CT_CSS_SKIP_RULEDEFAULT"}},"page_meta_button_type_font_colors":{"default":{"color":"CT_CSS_SKIP_RULEDEFAULT"},"hover":{"color":"CT_CSS_SKIP_RULEDEFAULT"}},"page_meta_button_type_background_colors":{"default":{"color":"CT_CSS_SKIP_RULEDEFAULT"},"hover":{"color":"CT_CSS_SKIP_RULEDEFAULT"}},"pageExcerptFont":{"family":"Default","variation":"Default","size":"CT_CSS_SKIP_RULE","line-height":"CT_CSS_SKIP_RULE","letter-spacing":"CT_CSS_SKIP_RULE","text-transform":"CT_CSS_SKIP_RULE","text-decoration":"CT_CSS_SKIP_RULE"},"pageExcerptColor":{"default":{"color":"CT_CSS_SKIP_RULEDEFAULT"}},"breadcrumbsFont":{"family":"Default","variation":"Default","size":"CT_CSS_SKIP_RULE","line-height":"CT_CSS_SKIP_RULE","letter-spacing":"CT_CSS_SKIP_RULE","text-transform":"CT_CSS_SKIP_RULE","text-decoration":"CT_CSS_SKIP_RULE"},"breadcrumbsFontColor":{"default":{"color":"CT_CSS_SKIP_RULEDEFAULT"},"initial":{"color":"CT_CSS_SKIP_RULEDEFAULT"},"hover":{"color":"CT_CSS_SKIP_RULEDEFAULT"}},"pageTitleOverlay":{"background_type":"color","background_pattern":"type-1","background_image":{"attachment_id":null,"x":0,"y":0},"gradient":"linear-gradient(135deg,rgba(6,147,227,1) 0%,rgb(155,81,224) 100%)","background_repeat":"repeat","background_size":"auto","background_attachment":"scroll","patternColor":{"default":{"color":"#e5e7ea"}},"overlayColor":{"default":{"color":"CT_CSS_SKIP_RULE"}},"backgroundColor":{"default":{"color":"CT_CSS_SKIP_RULE"}}},"pageTitleBackground":{"background_type":"color","background_pattern":"type-1","background_image":{"attachment_id":null,"x":0,"y":0},"gradient":"linear-gradient(135deg,rgba(6,147,227,1) 0%,rgb(155,81,224) 100%)","background_repeat":"repeat","background_size":"auto","background_attachment":"scroll","patternColor":{"default":{"color":"#e5e7ea"}},"overlayColor":{"default":{"color":"CT_CSS_SKIP_RULE"}},"backgroundColor":{"default":{"color":"var(--paletteColor6)"}}},"pageTitlePadding":{"top":"50px","bottom":"50px","left":"auto","right":"auto","linked":true},"a294ec8a74969a7dd51cf94e04881e73":"","page_structure_type":"default","2f1ccf23988711d8c89a5363db2090a4":"","content_style_source":"inherit","content_style":"wide","vertical_spacing_source":"custom","content_area_spacing":"none","background":{"background_type":"color","background_pattern":"type-1","background_image":{"attachment_id":null,"x":0,"y":0},"gradient":"linear-gradient(135deg,rgba(6,147,227,1) 0%,rgb(155,81,224) 100%)","background_repeat":"repeat","background_size":"auto","background_attachment":"scroll","patternColor":{"default":{"color":"#e5e7ea"}},"overlayColor":{"default":{"color":"CT_CSS_SKIP_RULE"}},"backgroundColor":{"default":{"color":"CT_CSS_SKIP_RULE"}}},"content_background":{"background_type":"color","background_pattern":"type-1","background_image":{"attachment_id":null,"x":0,"y":0},"gradient":"linear-gradient(135deg,rgba(6,147,227,1) 0%,rgb(155,81,224) 100%)","background_repeat":"repeat","background_size":"auto","background_attachment":"scroll","patternColor":{"default":{"color":"#e5e7ea"}},"overlayColor":{"default":{"color":"CT_CSS_SKIP_RULE"}},"backgroundColor":{"default":{"color":"var(--paletteColor8)"}}},"content_boxed_shadow":{"inherit":false,"blur":18,"spread":-6,"v_offset":12,"h_offset":0,"inset":false,"enable":true,"color":{"color":"rgba(34, 56, 101, 0.04)"}},"boxed_content_spacing":{"desktop":{"top":"40px","bottom":"40px","left":"40px","right":"40px","linked":true},"tablet":{"top":"35px","bottom":"35px","left":"35px","right":"35px","linked":true},"mobile":{"top":"20px","bottom":"20px","left":"20px","right":"20px","linked":true}},"content_boxed_radius":{"top":"3px","bottom":"3px","left":"3px","right":"3px","linked":true},"89a455029062c524da90d2350d6fd2e3":"","disable_featured_image":"no","disable_header":"no","disable_footer":"no","styles_descriptor":{"styles":{"desktop":"","tablet":"","mobile":""},"google_fonts":[],"version":5}},"aioseo_notices":[],"featured_image_urls":{"full":"","thumbnail":"","medium":"","medium_large":"","large":"","1536x1536":"","2048x2048":"","woocommerce_thumbnail":"","woocommerce_single":"","woocommerce_gallery_thumbnail":""},"post_excerpt_stackable":"<p>Ative o JavaScript no seu navegador para preencher este formul\u00e1rio.Nome *Email *AssuntoComent\u00e1rio ou Mensagem *Enviar Mensagem Contato Voc\u00ea est\u00e1 procurando por um artista de pixel art que pode criar gr\u00e1ficos impressionantes para o seu pr\u00f3ximo projeto? Parab\u00e9ns, voc\u00ea acaba de encontrar o especialista certo! Com a experi\u00eancia em games estilo retro e pixel art e um amor pelo design de jogos, posso ajudar a tornar seu jogo incr\u00edvel. Quer voc\u00ea precise de sprites, cen\u00e1rios, tiles, ilustra\u00e7\u00f5es ou anima\u00e7\u00f5es em pixel art, estou aqui para entregar resultados excepcionais. Ent\u00e3o, o que est\u00e1 esperando? Deixe-me ajud\u00e1-lo a criar algo verdadeiramente \u00fanico e&hellip;<\/p>\n","category_list":"","author_info":{"name":"alyson.consultoria@gmail.com","url":"https:\/\/alysonkof.com.br\/index.php\/author\/alyson-consultoriagmail-com\/"},"comments_num":"0 coment\u00e1rio","featured_image_urls_v2":{"full":"","thumbnail":"","medium":"","medium_large":"","large":"","1536x1536":"","2048x2048":"","woocommerce_thumbnail":"","woocommerce_single":"","woocommerce_gallery_thumbnail":""},"post_excerpt_stackable_v2":"<p>Ative o JavaScript no seu navegador para preencher este formul\u00e1rio.Nome *Email *AssuntoComent\u00e1rio ou Mensagem *Enviar Mensagem Contato Voc\u00ea est\u00e1 procurando por um artista de pixel art que pode criar gr\u00e1ficos impressionantes para o seu pr\u00f3ximo projeto? Parab\u00e9ns, voc\u00ea acaba de encontrar o especialista certo! Com a experi\u00eancia em games estilo retro e pixel art e um amor pelo design de jogos, posso ajudar a tornar seu jogo incr\u00edvel. Quer voc\u00ea precise de sprites, cen\u00e1rios, tiles, ilustra\u00e7\u00f5es ou anima\u00e7\u00f5es em pixel art, estou aqui para entregar resultados excepcionais. Ent\u00e3o, o que est\u00e1 esperando? Deixe-me ajud\u00e1-lo a criar algo verdadeiramente \u00fanico e&hellip;<\/p>\n","category_list_v2":"","author_info_v2":{"name":"alyson.consultoria@gmail.com","url":"https:\/\/alysonkof.com.br\/index.php\/author\/alyson-consultoriagmail-com\/"},"comments_num_v2":"0 coment\u00e1rio","_links":{"self":[{"href":"https:\/\/alysonkof.com.br\/index.php\/wp-json\/wp\/v2\/pages\/619"}],"collection":[{"href":"https:\/\/alysonkof.com.br\/index.php\/wp-json\/wp\/v2\/pages"}],"about":[{"href":"https:\/\/alysonkof.com.br\/index.php\/wp-json\/wp\/v2\/types\/page"}],"author":[{"embeddable":true,"href":"https:\/\/alysonkof.com.br\/index.php\/wp-json\/wp\/v2\/users\/1"}],"replies":[{"embeddable":true,"href":"https:\/\/alysonkof.com.br\/index.php\/wp-json\/wp\/v2\/comments?post=619"}],"version-history":[{"count":16,"href":"https:\/\/alysonkof.com.br\/index.php\/wp-json\/wp\/v2\/pages\/619\/revisions"}],"predecessor-version":[{"id":1170,"href":"https:\/\/alysonkof.com.br\/index.php\/wp-json\/wp\/v2\/pages\/619\/revisions\/1170"}],"wp:attachment":[{"href":"https:\/\/alysonkof.com.br\/index.php\/wp-json\/wp\/v2\/media?parent=619"}],"curies":[{"name":"wp","href":"https:\/\/api.w.org\/{rel}","templated":true}]}}